{"id":3615,"date":"2023-09-05T19:36:25","date_gmt":"2023-09-05T18:36:25","guid":{"rendered":"https:\/\/evolus-it.com\/de\/?page_id=3615"},"modified":"2023-11-16T16:47:00","modified_gmt":"2023-11-16T16:47:00","slug":"webdesign","status":"publish","type":"page","link":"https:\/\/evolus-it.com\/de\/services\/webdesign\/","title":{"rendered":"Webdesign"},"content":{"rendered":"\t\t<div data-elementor-type=\"wp-page\" data-elementor-id=\"3615\" class=\"elementor elementor-3615\">\n\t\t\t\t\t\t\t\t\t<section class=\"elementor-section elementor-top-section elementor-element elementor-element-0c9909f elementor-section-boxed elementor-section-height-default elementor-section-height-default\" data-id=\"0c9909f\" data-element_type=\"section\">\n\t\t\t\t\t\t<div class=\"elementor-container elementor-column-gap-default\">\n\t\t\t\t\t<div class=\"elementor-column elementor-col-100 elementor-top-column elementor-element elementor-element-ce2b5a9\" data-id=\"ce2b5a9\" data-element_type=\"column\">\n\t\t\t<div class=\"elementor-widget-wrap elementor-element-populated\">\n\t\t\t\t\t\t\t\t<div class=\"elementor-element elementor-element-c5a7ed4 elementor-widget elementor-widget-text-editor\" data-id=\"c5a7ed4\" data-element_type=\"widget\" data-widget_type=\"text-editor.default\">\n\t\t\t\t<div class=\"elementor-widget-container\">\n\t\t\t<style>\/*! elementor - v3.17.0 - 01-11-2023 *\/\n.elementor-widget-text-editor.elementor-drop-cap-view-stacked .elementor-drop-cap{background-color:#69727d;color:#fff}.elementor-widget-text-editor.elementor-drop-cap-view-framed .elementor-drop-cap{color:#69727d;border:3px solid;background-color:transparent}.elementor-widget-text-editor:not(.elementor-drop-cap-view-default) .elementor-drop-cap{margin-top:8px}.elementor-widget-text-editor:not(.elementor-drop-cap-view-default) .elementor-drop-cap-letter{width:1em;height:1em}.elementor-widget-text-editor .elementor-drop-cap{float:left;text-align:center;line-height:1;font-size:50px}.elementor-widget-text-editor .elementor-drop-cap-letter{display:inline-block}<\/style>\t\t\t\t<p><strong>Entfesseln Sie das Potenzial Ihrer Webseite mit unserem herausragenden Webdesign-Service!<\/strong><\/p>\n<p>Ihre Website ist Ihre digitale Visitenkarte \u2013 und der erste Eindruck z\u00e4hlt. Bei uns verstehen wir die Macht eines fesselnden Webdesigns und bieten Ihnen eine ma\u00dfgeschneiderte L\u00f6sung, die Ihre Online-Pr\u00e4senz auf ein neues Level hebt.<\/p>\n<h3>Unsere Webdesign-Dienste<\/h3>\n<ul>\n<li>Individuelles Design f\u00fcr Sie erstellt<\/li>\n<li>Bearbeitung von bestehenden Designs<\/li>\n<li>Installation von Designs<\/li>\n<li>WordPress-Designs<\/li>\n<\/ul>\n<p>Unser talentiertes Team von Design-Experten ist darauf spezialisiert, ansprechende und einzigartige Webseiten zu gestalten, die Ihre Zielgruppe begeistern. Wir erfassen die Essenz Ihres Unternehmens und integrieren sie in das Design, um Ihre Markenidentit\u00e4t zu st\u00e4rken und Ihre Botschaft klar zu kommunizieren. Selbstverst\u00e4ndlich sorgen wir daf\u00fcr, dass Ihre Website nicht nur sch\u00f6n aussieht, sondern auch leicht zu navigieren und auch mobile optimiert ist. Eine reibungslose Benutzererfahrung steht bei uns an erster Stelle. Unsere Designs sind von Anfang an Suchmaschinenoptimiert ( SEO ), um sicherzustellen, dass Ihre Website in den Suchergebnissen prominent platziert ist.<\/p>\n<p>&nbsp;<\/p>\n<p>Mit unserem Webdesigns heben Sie sich von der Konkurrenz ab und gewinnen das Vertrauen Ihrer Kunden.<\/p>\n<p>Steigern Sie Ihr Online-Potenzial und ziehen Sie mehr Besucher an, die zu Kunden werden. Vertrauen Sie unserem erfahrenen Team, um Ihre Website in eine echte Online-Perle zu verwandeln.<\/p>\n<p>Kontaktieren Sie uns heute, um zu erfahren, wie wir Ihr Webdesign auf das n\u00e4chste Level heben k\u00f6nnen. Lassen Sie uns gemeinsam Ihre digitale Erfolgsgeschichte schreiben!<\/p>\n<p>&nbsp;<\/p>\t\t\t\t\t\t<\/div>\n\t\t\t\t<\/div>\n\t\t\t\t\t<\/div>\n\t\t<\/div>\n\t\t\t\t\t\t\t<\/div>\n\t\t<\/section>\n\t\t\t\t<section class=\"elementor-section elementor-top-section elementor-element elementor-element-3d43f80 elementor-section-boxed elementor-section-height-default elementor-section-height-default\" data-id=\"3d43f80\" data-element_type=\"section\" data-settings=\"{&quot;background_background&quot;:&quot;classic&quot;}\">\n\t\t\t\t\t\t<div class=\"elementor-container elementor-column-gap-default\">\n\t\t\t\t\t<div class=\"elementor-column elementor-col-100 elementor-top-column elementor-element elementor-element-d71a2e2\" data-id=\"d71a2e2\" data-element_type=\"column\">\n\t\t\t<div class=\"elementor-widget-wrap elementor-element-populated\">\n\t\t\t\t\t\t\t\t<div class=\"elementor-element elementor-element-f9f0f22 elementor-widget elementor-widget-heading\" data-id=\"f9f0f22\" data-element_type=\"widget\" data-widget_type=\"heading.default\">\n\t\t\t\t<div class=\"elementor-widget-container\">\n\t\t\t<style>\/*! elementor - v3.17.0 - 01-11-2023 *\/\n.elementor-heading-title{padding:0;margin:0;line-height:1}.elementor-widget-heading .elementor-heading-title[class*=elementor-size-]>a{color:inherit;font-size:inherit;line-height:inherit}.elementor-widget-heading .elementor-heading-title.elementor-size-small{font-size:15px}.elementor-widget-heading .elementor-heading-title.elementor-size-medium{font-size:19px}.elementor-widget-heading .elementor-heading-title.elementor-size-large{font-size:29px}.elementor-widget-heading .elementor-heading-title.elementor-size-xl{font-size:39px}.elementor-widget-heading .elementor-heading-title.elementor-size-xxl{font-size:59px}<\/style><h2 class=\"elementor-heading-title elementor-size-default\">Hinterlassen Sie uns einfach eine Nachricht<\/h2>\t\t<\/div>\n\t\t\t\t<\/div>\n\t\t\t\t<div class=\"elementor-element elementor-element-423cecd elementor-widget elementor-widget-text-editor\" data-id=\"423cecd\" data-element_type=\"widget\" data-widget_type=\"text-editor.default\">\n\t\t\t\t<div class=\"elementor-widget-container\">\n\t\t\t\t\t\t\t<p style=\"text-align: center;\">Wir melden uns zur\u00fcck!<\/p>\t\t\t\t\t\t<\/div>\n\t\t\t\t<\/div>\n\t\t\t\t<div class=\"elementor-element elementor-element-bb38ea0 elementor-widget elementor-widget-shortcode\" data-id=\"bb38ea0\" data-element_type=\"widget\" data-widget_type=\"shortcode.default\">\n\t\t\t\t<div class=\"elementor-widget-container\">\n\t\t\t\t\t<div class=\"elementor-shortcode\"><div role=\"form\" class=\"wpcf7\" id=\"wpcf7-f1456-o1\" lang=\"en-US\" dir=\"ltr\">\n<div class=\"screen-reader-response\"><p role=\"status\" aria-live=\"polite\" aria-atomic=\"true\"><\/p> <ul><\/ul><\/div>\n<form action=\"\/de\/wp-json\/wp\/v2\/pages\/3615#wpcf7-f1456-o1\" method=\"post\" class=\"wpcf7-form init\" novalidate=\"novalidate\" data-status=\"init\">\n<div style=\"display: none;\">\n<input type=\"hidden\" name=\"_wpcf7\" value=\"1456\" \/>\n<input type=\"hidden\" name=\"_wpcf7_version\" value=\"5.6.4\" \/>\n<input type=\"hidden\" name=\"_wpcf7_locale\" value=\"en_US\" \/>\n<input type=\"hidden\" name=\"_wpcf7_unit_tag\" value=\"wpcf7-f1456-o1\" \/>\n<input type=\"hidden\" name=\"_wpcf7_container_post\" value=\"0\" \/>\n<input type=\"hidden\" name=\"_wpcf7_posted_data_hash\" value=\"\" \/>\n<input type=\"hidden\" name=\"_wpcf7_recaptcha_response\" value=\"\" \/>\n<\/div>\n<div class=\"form-area quote_form\">\n<div class=\"form-inner\">\n<div class=\"form-controls row\">\n<div class=\"col-md-6\">\n<div class=\"form-group\">\n<span class=\"wpcf7-form-control-wrap\" data-name=\"sub\"><input type=\"text\" name=\"sub\" value=\"\" size=\"40\" class=\"wpcf7-form-control wpcf7-text wpcf7-validates-as-required form-control\" aria-required=\"true\" aria-invalid=\"false\" placeholder=\"Name\" \/><\/span>\n<\/div>\n<\/div>\n<div class=\"col-md-6\">\n<div class=\"form-group\">\n<span class=\"wpcf7-form-control-wrap\" data-name=\"sub4\"><input type=\"text\" name=\"sub4\" value=\"\" size=\"40\" class=\"wpcf7-form-control wpcf7-text form-control\" aria-invalid=\"false\" placeholder=\"Firma \/ Organisation\" \/><\/span>\n<\/div>\n<\/div>\n<div class=\"col-md-6\">\n<div class=\"form-group\">\n<span class=\"wpcf7-form-control-wrap\" data-name=\"sub2\"><input type=\"email\" name=\"sub2\" value=\"\" size=\"40\" class=\"wpcf7-form-control wpcf7-text wpcf7-email wpcf7-validates-as-required wpcf7-validates-as-email form-control\" aria-required=\"true\" aria-invalid=\"false\" placeholder=\"E-Mail\" \/><\/span>\n<\/div>\n<\/div>\n<div class=\"col-md-6\">\n<div class=\"form-group\">\n<span class=\"wpcf7-form-control-wrap\" data-name=\"sub3\"><input type=\"text\" name=\"sub3\" value=\"\" size=\"40\" class=\"wpcf7-form-control wpcf7-text wpcf7-validates-as-required form-control\" aria-required=\"true\" aria-invalid=\"false\" placeholder=\"Telefon\" \/><\/span>\n<\/div>\n<\/div>\n<div class=\"col-md-12\">\n<div class=\"form-group\">\n<span class=\"wpcf7-form-control-wrap\" data-name=\"textarea-234\"><textarea name=\"textarea-234\" cols=\"20\" rows=\"7\" class=\"wpcf7-form-control wpcf7-textarea form-control\" aria-invalid=\"false\" placeholder=\"Ihre Nachricht\"><\/textarea><\/span>\n<\/div>\n<\/div>\n<div class=\"col-md-12\">\n<div class=\"form-group\">\n<div class=\"buttons\">\n<input type=\"submit\" value=\"Nachricht senden\" class=\"wpcf7-form-control has-spinner wpcf7-submit button\" \/>\n<\/div>\n<\/div>\n<\/div>\n<\/div>\n<\/div>\n<\/div>\n<div class=\"wpcf7-response-output\" aria-hidden=\"true\"><\/div><\/form><\/div><\/div>\n\t\t\t\t<\/div>\n\t\t\t\t<\/div>\n\t\t\t\t\t<\/div>\n\t\t<\/div>\n\t\t\t\t\t\t\t<\/div>\n\t\t<\/section>\n\t\t\t\t\t\t\t<\/div>\n\t\t","protected":false},"excerpt":{"rendered":"<p>Entfesseln Sie das Potenzial Ihrer Webseite mit unserem herausragenden Webdesign-Service! Ihre Website ist Ihre digitale Visitenkarte \u2013 und der erste Eindruck z\u00e4hlt. Bei uns verstehen wir die Macht eines fesselnden Webdesigns und bieten Ihnen eine ma\u00dfgeschneiderte L\u00f6sung, die Ihre Online-Pr\u00e4senz auf ein neues Level hebt. Unsere Webdesign-Dienste Individuelles Design f\u00fcr Sie erstellt Bearbeitung von bestehenden [&hellip;]<\/p>\n","protected":false},"author":1,"featured_media":0,"parent":4049,"menu_order":0,"comment_status":"closed","ping_status":"closed","template":"page-templates\/template-default.php","meta":{"footnotes":""},"class_list":["post-3615","page","type-page","status-publish","hentry"],"_links":{"self":[{"href":"https:\/\/evolus-it.com\/de\/wp-json\/wp\/v2\/pages\/3615","targetHints":{"allow":["GET"]}}],"collection":[{"href":"https:\/\/evolus-it.com\/de\/wp-json\/wp\/v2\/pages"}],"about":[{"href":"https:\/\/evolus-it.com\/de\/wp-json\/wp\/v2\/types\/page"}],"author":[{"embeddable":true,"href":"https:\/\/evolus-it.com\/de\/wp-json\/wp\/v2\/users\/1"}],"replies":[{"embeddable":true,"href":"https:\/\/evolus-it.com\/de\/wp-json\/wp\/v2\/comments?post=3615"}],"version-history":[{"count":34,"href":"https:\/\/evolus-it.com\/de\/wp-json\/wp\/v2\/pages\/3615\/revisions"}],"predecessor-version":[{"id":4009,"href":"https:\/\/evolus-it.com\/de\/wp-json\/wp\/v2\/pages\/3615\/revisions\/4009"}],"up":[{"embeddable":true,"href":"https:\/\/evolus-it.com\/de\/wp-json\/wp\/v2\/pages\/4049"}],"wp:attachment":[{"href":"https:\/\/evolus-it.com\/de\/wp-json\/wp\/v2\/media?parent=3615"}],"curies":[{"name":"wp","href":"https:\/\/api.w.org\/{rel}","templated":true}]}}