{"id":3643,"date":"2023-09-05T20:19:20","date_gmt":"2023-09-05T19:19:20","guid":{"rendered":"https:\/\/evolus-it.com\/de\/?page_id=3643"},"modified":"2023-11-16T16:47:04","modified_gmt":"2023-11-16T16:47:04","slug":"webdevelopment","status":"publish","type":"page","link":"https:\/\/evolus-it.com\/de\/services\/webdevelopment\/","title":{"rendered":"Webdevelopment"},"content":{"rendered":"\t\t<div data-elementor-type=\"wp-page\" data-elementor-id=\"3643\" class=\"elementor elementor-3643\">\n\t\t\t\t\t\t\t\t\t<section class=\"elementor-section elementor-top-section elementor-element elementor-element-0c9909f elementor-section-boxed elementor-section-height-default elementor-section-height-default\" data-id=\"0c9909f\" data-element_type=\"section\">\n\t\t\t\t\t\t<div class=\"elementor-container elementor-column-gap-default\">\n\t\t\t\t\t<div class=\"elementor-column elementor-col-100 elementor-top-column elementor-element elementor-element-ce2b5a9\" data-id=\"ce2b5a9\" data-element_type=\"column\">\n\t\t\t<div class=\"elementor-widget-wrap elementor-element-populated\">\n\t\t\t\t\t\t\t\t<div class=\"elementor-element elementor-element-c5a7ed4 elementor-widget elementor-widget-text-editor\" data-id=\"c5a7ed4\" data-element_type=\"widget\" data-widget_type=\"text-editor.default\">\n\t\t\t\t<div class=\"elementor-widget-container\">\n\t\t\t<style>\/*! elementor - v3.17.0 - 01-11-2023 *\/\n.elementor-widget-text-editor.elementor-drop-cap-view-stacked .elementor-drop-cap{background-color:#69727d;color:#fff}.elementor-widget-text-editor.elementor-drop-cap-view-framed .elementor-drop-cap{color:#69727d;border:3px solid;background-color:transparent}.elementor-widget-text-editor:not(.elementor-drop-cap-view-default) .elementor-drop-cap{margin-top:8px}.elementor-widget-text-editor:not(.elementor-drop-cap-view-default) .elementor-drop-cap-letter{width:1em;height:1em}.elementor-widget-text-editor .elementor-drop-cap{float:left;text-align:center;line-height:1;font-size:50px}.elementor-widget-text-editor .elementor-drop-cap-letter{display:inline-block}<\/style>\t\t\t\t<h2>Entdecken Sie die Kraft des Webentwicklungs-Exzellenz!<\/h2>\n<p>In einer digitalen \u00c4ra, in der die Online-Pr\u00e4senz Ihres Unternehmens entscheidend ist, ist professionelles Webentwicklung von unsch\u00e4tzbarem Wert. Wir bei Evolus IT sind stolz darauf, Ihre digitale Vision in die Realit\u00e4t umzusetzen.<\/p>\n<p>Unsere ma\u00dfgeschneiderten L\u00f6sungen passen sich perfekt Ihren individuellen Anforderungen an. Wir verstehen, dass jedes Unternehmen einzigartig ist und bieten daher Webentwicklungsleistungen, die speziell auf Sie zugeschnitten sind. Unsere Entwickler sind immer auf dem neuesten Stand der Technik und setzen die modernsten Programmiersprachen und Tools ein, um sicherzustellen, dass Ihre Website oder Anwendung stets auf dem neuesten Stand ist.<\/p>\n<p>Mobile Ger\u00e4te sind heute allgegenw\u00e4rtig. Deshalb sorgen wir daf\u00fcr, dass Ihre Website auf jedem Bildschirm und jedem Ger\u00e4t reibungslos funktioniert. Unsere Websites und Anwendungen sind benutzerfreundlich und intuitiv gestaltet, um eine hervorragende Benutzererfahrung zu gew\u00e4hrleisten. Wir integrieren nahtlos Drittanbieter-Tools wie CRM-Systeme, E-Commerce-Plattformen oder soziale Medien, um die Effizienz und Funktionalit\u00e4t Ihrer Website zu steigern.<\/p>\n<p>Schnelle Ladezeit sind entscheidend. Unsere Entwicklung optimiert die Performance Ihrer Website, um Besucher zu begeistern und die Konversionsraten zu erh\u00f6hen. Unsere Entwickler implementieren robuste Sicherheitsma\u00dfnahmen, um Ihre Daten und die Ihrer Kunden zu sch\u00fctzen. Wir entwickeln mit Blick auf die Zukunft. Unsere L\u00f6sungen sind nachhaltig und skalierbar, um Ihr Unternehmen auf lange Sicht zu unterst\u00fctzen.<\/p>\n<p>\u00a0<\/p>\n<p>Uns geht es darum, Ergebnisse zu erzielen. Wir arbeiten eng mit Ihnen zusammen, um Ihre Ziele zu verstehen und Ihre digitale Pr\u00e4senz in eine Erfolgsgeschichte zu verwandeln.<\/p>\n<p>Investieren Sie in die Zukunft Ihres Unternehmens mit unserer erstklassigen Webentwicklung. Lassen Sie uns Ihre Vision in die Realit\u00e4t umsetzen und Ihre Online-Pr\u00e4senz auf das n\u00e4chste Level heben. Kontaktieren Sie uns noch heute und erleben Sie die Kraft der Exzellenz im Webentwicklung!<\/p>\t\t\t\t\t\t<\/div>\n\t\t\t\t<\/div>\n\t\t\t\t\t<\/div>\n\t\t<\/div>\n\t\t\t\t\t\t\t<\/div>\n\t\t<\/section>\n\t\t\t\t<section class=\"elementor-section elementor-top-section elementor-element elementor-element-b8eefb4 elementor-section-boxed elementor-section-height-default elementor-section-height-default\" data-id=\"b8eefb4\" data-element_type=\"section\" data-settings=\"{&quot;background_background&quot;:&quot;classic&quot;}\">\n\t\t\t\t\t\t<div class=\"elementor-container elementor-column-gap-default\">\n\t\t\t\t\t<div class=\"elementor-column elementor-col-100 elementor-top-column elementor-element elementor-element-41d54ee\" data-id=\"41d54ee\" data-element_type=\"column\">\n\t\t\t<div class=\"elementor-widget-wrap elementor-element-populated\">\n\t\t\t\t\t\t\t\t<div class=\"elementor-element elementor-element-009d03f elementor-widget elementor-widget-heading\" data-id=\"009d03f\" data-element_type=\"widget\" data-widget_type=\"heading.default\">\n\t\t\t\t<div class=\"elementor-widget-container\">\n\t\t\t<style>\/*! elementor - v3.17.0 - 01-11-2023 *\/\n.elementor-heading-title{padding:0;margin:0;line-height:1}.elementor-widget-heading .elementor-heading-title[class*=elementor-size-]>a{color:inherit;font-size:inherit;line-height:inherit}.elementor-widget-heading .elementor-heading-title.elementor-size-small{font-size:15px}.elementor-widget-heading .elementor-heading-title.elementor-size-medium{font-size:19px}.elementor-widget-heading .elementor-heading-title.elementor-size-large{font-size:29px}.elementor-widget-heading .elementor-heading-title.elementor-size-xl{font-size:39px}.elementor-widget-heading .elementor-heading-title.elementor-size-xxl{font-size:59px}<\/style><h2 class=\"elementor-heading-title elementor-size-default\">Hinterlassen Sie uns einfach eine Nachricht<\/h2>\t\t<\/div>\n\t\t\t\t<\/div>\n\t\t\t\t<div class=\"elementor-element elementor-element-7ad0967 elementor-widget elementor-widget-text-editor\" data-id=\"7ad0967\" data-element_type=\"widget\" data-widget_type=\"text-editor.default\">\n\t\t\t\t<div class=\"elementor-widget-container\">\n\t\t\t\t\t\t\t<p style=\"text-align: center;\">Wir melden uns zur\u00fcck!<\/p>\t\t\t\t\t\t<\/div>\n\t\t\t\t<\/div>\n\t\t\t\t<div class=\"elementor-element elementor-element-4d16e46 elementor-widget elementor-widget-shortcode\" data-id=\"4d16e46\" data-element_type=\"widget\" data-widget_type=\"shortcode.default\">\n\t\t\t\t<div class=\"elementor-widget-container\">\n\t\t\t\t\t<div class=\"elementor-shortcode\"><div role=\"form\" class=\"wpcf7\" id=\"wpcf7-f1456-o1\" lang=\"en-US\" dir=\"ltr\">\n<div class=\"screen-reader-response\"><p role=\"status\" aria-live=\"polite\" aria-atomic=\"true\"><\/p> <ul><\/ul><\/div>\n<form action=\"\/de\/wp-json\/wp\/v2\/pages\/3643#wpcf7-f1456-o1\" method=\"post\" class=\"wpcf7-form init\" novalidate=\"novalidate\" data-status=\"init\">\n<div style=\"display: none;\">\n<input type=\"hidden\" name=\"_wpcf7\" value=\"1456\" \/>\n<input type=\"hidden\" name=\"_wpcf7_version\" value=\"5.6.4\" \/>\n<input type=\"hidden\" name=\"_wpcf7_locale\" value=\"en_US\" \/>\n<input type=\"hidden\" name=\"_wpcf7_unit_tag\" value=\"wpcf7-f1456-o1\" \/>\n<input type=\"hidden\" name=\"_wpcf7_container_post\" value=\"0\" \/>\n<input type=\"hidden\" name=\"_wpcf7_posted_data_hash\" value=\"\" \/>\n<input type=\"hidden\" name=\"_wpcf7_recaptcha_response\" value=\"\" \/>\n<\/div>\n<div class=\"form-area quote_form\">\n<div class=\"form-inner\">\n<div class=\"form-controls row\">\n<div class=\"col-md-6\">\n<div class=\"form-group\">\n<span class=\"wpcf7-form-control-wrap\" data-name=\"sub\"><input type=\"text\" name=\"sub\" value=\"\" size=\"40\" class=\"wpcf7-form-control wpcf7-text wpcf7-validates-as-required form-control\" aria-required=\"true\" aria-invalid=\"false\" placeholder=\"Name\" \/><\/span>\n<\/div>\n<\/div>\n<div class=\"col-md-6\">\n<div class=\"form-group\">\n<span class=\"wpcf7-form-control-wrap\" data-name=\"sub4\"><input type=\"text\" name=\"sub4\" value=\"\" size=\"40\" class=\"wpcf7-form-control wpcf7-text form-control\" aria-invalid=\"false\" placeholder=\"Firma \/ Organisation\" \/><\/span>\n<\/div>\n<\/div>\n<div class=\"col-md-6\">\n<div class=\"form-group\">\n<span class=\"wpcf7-form-control-wrap\" data-name=\"sub2\"><input type=\"email\" name=\"sub2\" value=\"\" size=\"40\" class=\"wpcf7-form-control wpcf7-text wpcf7-email wpcf7-validates-as-required wpcf7-validates-as-email form-control\" aria-required=\"true\" aria-invalid=\"false\" placeholder=\"E-Mail\" \/><\/span>\n<\/div>\n<\/div>\n<div class=\"col-md-6\">\n<div class=\"form-group\">\n<span class=\"wpcf7-form-control-wrap\" data-name=\"sub3\"><input type=\"text\" name=\"sub3\" value=\"\" size=\"40\" class=\"wpcf7-form-control wpcf7-text wpcf7-validates-as-required form-control\" aria-required=\"true\" aria-invalid=\"false\" placeholder=\"Telefon\" \/><\/span>\n<\/div>\n<\/div>\n<div class=\"col-md-12\">\n<div class=\"form-group\">\n<span class=\"wpcf7-form-control-wrap\" data-name=\"textarea-234\"><textarea name=\"textarea-234\" cols=\"20\" rows=\"7\" class=\"wpcf7-form-control wpcf7-textarea form-control\" aria-invalid=\"false\" placeholder=\"Ihre Nachricht\"><\/textarea><\/span>\n<\/div>\n<\/div>\n<div class=\"col-md-12\">\n<div class=\"form-group\">\n<div class=\"buttons\">\n<input type=\"submit\" value=\"Nachricht senden\" class=\"wpcf7-form-control has-spinner wpcf7-submit button\" \/>\n<\/div>\n<\/div>\n<\/div>\n<\/div>\n<\/div>\n<\/div>\n<div class=\"wpcf7-response-output\" aria-hidden=\"true\"><\/div><\/form><\/div><\/div>\n\t\t\t\t<\/div>\n\t\t\t\t<\/div>\n\t\t\t\t\t<\/div>\n\t\t<\/div>\n\t\t\t\t\t\t\t<\/div>\n\t\t<\/section>\n\t\t\t\t<section class=\"elementor-section elementor-top-section elementor-element elementor-element-055cbf3 elementor-section-boxed elementor-section-height-default elementor-section-height-default\" data-id=\"055cbf3\" data-element_type=\"section\" data-settings=\"{&quot;background_background&quot;:&quot;classic&quot;}\">\n\t\t\t\t\t\t<div class=\"elementor-container elementor-column-gap-default\">\n\t\t\t\t\t<div class=\"elementor-column elementor-col-100 elementor-top-column elementor-element elementor-element-4c3d7e2\" data-id=\"4c3d7e2\" data-element_type=\"column\">\n\t\t\t<div class=\"elementor-widget-wrap elementor-element-populated\">\n\t\t\t\t\t\t\t\t<section class=\"elementor-section elementor-inner-section elementor-element elementor-element-b3bf31f elementor-section-boxed elementor-section-height-default elementor-section-height-default\" data-id=\"b3bf31f\" data-element_type=\"section\">\n\t\t\t\t\t\t<div class=\"elementor-container elementor-column-gap-default\">\n\t\t\t\t\t<div class=\"elementor-column elementor-col-100 elementor-inner-column elementor-element elementor-element-aaba9d7\" data-id=\"aaba9d7\" data-element_type=\"column\">\n\t\t\t<div class=\"elementor-widget-wrap elementor-element-populated\">\n\t\t\t\t\t\t\t\t<div class=\"elementor-element elementor-element-c1dcb38 elementor-widget elementor-widget-sectiontitle\" data-id=\"c1dcb38\" data-element_type=\"widget\" data-widget_type=\"sectiontitle.default\">\n\t\t\t\t<div class=\"elementor-widget-container\">\n\t\t\t\r\n\t\t\t\t<div class=\"\">\r\n\r\n\t\t\t<div class=\"section-title t_center\">\r\n                 \r\n                        <h5>Testimonial <\/h5>\r\n                \t\t\t\t\r\n\t\t\t\t  \r\n                       <h3>What Says Our <span>Happy Clients <\/span><\/h3>\r\n                \t\t\t\t\r\n\t\t\t\t \t\t\t\t\r\n                \t\t\t\t\r\n\r\n\t\t\t\t\r\n\t\t\t<\/div>\t\r\n\r\n\t\t<\/div>\r\n\r\n\t\t\r\n\t\t\t\t<\/div>\n\t\t\t\t<\/div>\n\t\t\t\t\t<\/div>\n\t\t<\/div>\n\t\t\t\t\t\t\t<\/div>\n\t\t<\/section>\n\t\t\t\t<section class=\"elementor-section elementor-inner-section elementor-element elementor-element-0f2a49c elementor-section-boxed elementor-section-height-default elementor-section-height-default\" data-id=\"0f2a49c\" data-element_type=\"section\">\n\t\t\t\t\t\t<div class=\"elementor-container elementor-column-gap-default\">\n\t\t\t\t\t<div class=\"elementor-column elementor-col-100 elementor-inner-column elementor-element elementor-element-218a30d\" data-id=\"218a30d\" data-element_type=\"column\">\n\t\t\t<div class=\"elementor-widget-wrap elementor-element-populated\">\n\t\t\t\t\t\t\t\t<div class=\"elementor-element elementor-element-7be444a elementor-widget elementor-widget-testimonial\" data-id=\"7be444a\" data-element_type=\"widget\" data-widget_type=\"testimonial.default\">\n\t\t\t\t<div class=\"elementor-widget-container\">\n\t\t\t<style>\/*! elementor - v3.17.0 - 01-11-2023 *\/\n.elementor-testimonial-wrapper{overflow:hidden;text-align:center}.elementor-testimonial-wrapper .elementor-testimonial-content{font-size:1.3em;margin-bottom:20px}.elementor-testimonial-wrapper .elementor-testimonial-name{line-height:1.5;display:block}.elementor-testimonial-wrapper .elementor-testimonial-job{font-size:.85em;display:block}.elementor-testimonial-wrapper .elementor-testimonial-meta{width:100%;line-height:1}.elementor-testimonial-wrapper .elementor-testimonial-meta-inner{display:inline-block}.elementor-testimonial-wrapper .elementor-testimonial-meta .elementor-testimonial-details,.elementor-testimonial-wrapper .elementor-testimonial-meta .elementor-testimonial-image{display:table-cell;vertical-align:middle}.elementor-testimonial-wrapper .elementor-testimonial-meta .elementor-testimonial-image img{width:60px;height:60px;border-radius:50%;-o-object-fit:cover;object-fit:cover;max-width:none}.elementor-testimonial-wrapper .elementor-testimonial-meta.elementor-testimonial-image-position-aside .elementor-testimonial-image{padding-right:15px}.elementor-testimonial-wrapper .elementor-testimonial-meta.elementor-testimonial-image-position-aside .elementor-testimonial-details{text-align:left}.elementor-testimonial-wrapper .elementor-testimonial-meta.elementor-testimonial-image-position-top .elementor-testimonial-details,.elementor-testimonial-wrapper .elementor-testimonial-meta.elementor-testimonial-image-position-top .elementor-testimonial-image{display:block}.elementor-testimonial-wrapper .elementor-testimonial-meta.elementor-testimonial-image-position-top .elementor-testimonial-image{margin-bottom:20px}<\/style>\t\t\n\n\n\n\t\t\n\t\t\t<div class=\"testimonial_list owl-carousel owl-loaded curosel-style testimonial-style-four\">\n\n\t\t\t\t\t\t\t\t<div class=\"col-md-12\">\t\n\n\t\t\t\t\t<div class=\"single_testimonial\">\n\t\t\t\t\t\t\t\t\t\t\t\t\t\n\t\t\t\t\t\t<div class=\"testi_thumb\">\n\t\t\t\t\t\t\t<img decoding=\"async\" src=\"https:\/\/wp.dreamitsolution.net\/techno-digital-agency\/wp-content\/uploads\/2021\/09\/testi2.png\" alt=\"\">\n\t\t\t\t\t\t<\/div>\n\t\t\t\t\t\t\t\t\t\t\t\t\t\n\t\t\t\t\t\t<div class=\"testi_content\">\n\t\t\t\t\t\t\t<div class=\"testi_text\">\n\t\t\t\t\t\t\t\tLorem ipsum dolor sit amet, consectetur adipiscing elit, sed do eiusmod tempor incididunt ut labore et dolore magna aliqua.\t\t\t\t\t\t\t<\/div>\n\t\t\t\t\t\t<\/div>\n\n\t\t\t\t\t\t<div class=\"reviews_rating\">\n\n\t\t\t\t\t\t\t\t\t\t\t\t\t\t<div class=\"testi-star\">\n\t\t\t\t\t\t\t\t<i class=\"fa fa-star active\"><\/i>\n\t\t\t\t\t\t\t\t<i class=\"fa fa-star active\"><\/i>\n\t\t\t\t\t\t\t\t<i class=\"fa fa-star active\"><\/i>\n\t\t\t\t\t\t\t\t<i class=\"fa fa-star active\"><\/i>\n\t\t\t\t\t\t\t\t<i class=\"fa fa-star active\"><\/i>\n\t\t\t\t\t\t\t<\/div>\n\t\t\t\t\t\t\t\t\t\t\t\n\t\t\t\t\t\t\t\n\t\t\t\t\t\t\t\t\t\t\t\t\t\t\t\t\t\t\t\t\t\n\t\t\t\t\t\t\t\t\t\t\t\t\t\t\n\t\t\t\t\t\t\t\t\t\t\t\t\t<\/div><!-- .reviews_rating -->\n\t\t\t\t\t\t<div class=\"testi_title\">\n\t\t\t\t\t\t\t<h2>Hossain Khan <span>Web Developer<\/span><\/h2>\n\t\t\t\t\t\t<\/div>\n\n\t\t\t\t\t<\/div>\n\t\t\t\t<\/div>\n\t\t\t\t\t\t\t\t<div class=\"col-md-12\">\t\n\n\t\t\t\t\t<div class=\"single_testimonial\">\n\t\t\t\t\t\t\t\t\t\t\t\t\t\n\t\t\t\t\t\t<div class=\"testi_thumb\">\n\t\t\t\t\t\t\t<img decoding=\"async\" src=\"https:\/\/wp.dreamitsolution.net\/techno-digital-agency\/wp-content\/uploads\/2021\/09\/testi1.png\" alt=\"\">\n\t\t\t\t\t\t<\/div>\n\t\t\t\t\t\t\t\t\t\t\t\t\t\n\t\t\t\t\t\t<div class=\"testi_content\">\n\t\t\t\t\t\t\t<div class=\"testi_text\">\n\t\t\t\t\t\t\t\tLorem ipsum dolor sit amet, consectetur adipiscing elit, sed do eiusmod tempor incididunt ut labore et dolore magna aliqua.\t\t\t\t\t\t\t<\/div>\n\t\t\t\t\t\t<\/div>\n\n\t\t\t\t\t\t<div class=\"reviews_rating\">\n\n\t\t\t\t\t\t\t\t\t\t\t\t\t\t<div class=\"testi-star\">\n\t\t\t\t\t\t\t\t<i class=\"fa fa-star active\"><\/i>\n\t\t\t\t\t\t\t\t<i class=\"fa fa-star active\"><\/i>\n\t\t\t\t\t\t\t\t<i class=\"fa fa-star active\"><\/i>\n\t\t\t\t\t\t\t\t<i class=\"fa fa-star active\"><\/i>\n\t\t\t\t\t\t\t\t<i class=\"fa fa-star active\"><\/i>\n\t\t\t\t\t\t\t<\/div>\n\t\t\t\t\t\t\t\t\t\t\t\n\t\t\t\t\t\t\t\n\t\t\t\t\t\t\t\t\t\t\t\t\t\t\t\t\t\t\t\t\t\n\t\t\t\t\t\t\t\t\t\t\t\t\t\t\n\t\t\t\t\t\t\t\t\t\t\t\t\t<\/div><!-- .reviews_rating -->\n\t\t\t\t\t\t<div class=\"testi_title\">\n\t\t\t\t\t\t\t<h2>Angel Maria <span>Monster User<\/span><\/h2>\n\t\t\t\t\t\t<\/div>\n\n\t\t\t\t\t<\/div>\n\t\t\t\t<\/div>\n\t\t\t\t\t\t\t\t<div class=\"col-md-12\">\t\n\n\t\t\t\t\t<div class=\"single_testimonial\">\n\t\t\t\t\t\t\t\t\t\t\t\t\t\n\t\t\t\t\t\t<div class=\"testi_thumb\">\n\t\t\t\t\t\t\t<img decoding=\"async\" src=\"https:\/\/wp.dreamitsolution.net\/techno-digital-agency\/wp-content\/uploads\/2021\/09\/testi03.png\" alt=\"\">\n\t\t\t\t\t\t<\/div>\n\t\t\t\t\t\t\t\t\t\t\t\t\t\n\t\t\t\t\t\t<div class=\"testi_content\">\n\t\t\t\t\t\t\t<div class=\"testi_text\">\n\t\t\t\t\t\t\t\tLorem ipsum dolor sit amet, consectetur adipiscing elit, sed do eiusmod tempor incididunt ut labore et dolore magna aliqua.\t\t\t\t\t\t\t<\/div>\n\t\t\t\t\t\t<\/div>\n\n\t\t\t\t\t\t<div class=\"reviews_rating\">\n\n\t\t\t\t\t\t\t\t\t\t\t\t\t\t<div class=\"testi-star\">\n\t\t\t\t\t\t\t\t<i class=\"fa fa-star active\"><\/i>\n\t\t\t\t\t\t\t\t<i class=\"fa fa-star active\"><\/i>\n\t\t\t\t\t\t\t\t<i class=\"fa fa-star active\"><\/i>\n\t\t\t\t\t\t\t\t<i class=\"fa fa-star active\"><\/i>\n\t\t\t\t\t\t\t\t<i class=\"fa fa-star active\"><\/i>\n\t\t\t\t\t\t\t<\/div>\n\t\t\t\t\t\t\t\t\t\t\t\n\t\t\t\t\t\t\t\n\t\t\t\t\t\t\t\t\t\t\t\t\t\t\t\t\t\t\t\t\t\n\t\t\t\t\t\t\t\t\t\t\t\t\t\t\n\t\t\t\t\t\t\t\t\t\t\t\t\t<\/div><!-- .reviews_rating -->\n\t\t\t\t\t\t<div class=\"testi_title\">\n\t\t\t\t\t\t\t<h2>Angel Jalika<span>Monster Client<\/span><\/h2>\n\t\t\t\t\t\t<\/div>\n\n\t\t\t\t\t<\/div>\n\t\t\t\t<\/div>\n\t\t\t\t\t\t\t<\/div>\n            <script>\n            \tjQuery(document).ready(function($) {\n            \t\t\"use strict\";\n            \t\t$('.testimonial_list').owlCarousel({\n            \t\tloop: true,\n            \t\tautoplay: false,\n            \t\tautoplayTimeout: 10000,\n            \t\tdots: true,\n            \t\tnav: false,\n            \t\tnavText: [\"<i class='flaticon-back-1'><\/i>\", \"<i class='fa fa-angle-right'><\/i>\"],\n            \t\tresponsive: {\n            \t\t\t0: {\n            \t\t\t\titems: 1\n            \t\t\t},\n            \t\t\t768: {\n            \t\t\t\titems: 2\n            \t\t\t},\n            \t\t\t992: {\n            \t\t\t\titems: 2\n            \t\t\t},\n            \t\t\t1000: {\n            \t\t\t\titems: 3\n            \t\t\t},\n            \t\t\t1920: {\n            \t\t\t\titems: 3,\n            \t\t\t}\n            \t\t}\n            \t})\n            \t});\n            <\/script>\n            \t\t\t\t\t\t\t\n\t\t\t\t<\/div>\n\t\t\t\t<\/div>\n\t\t\t\t\t<\/div>\n\t\t<\/div>\n\t\t\t\t\t\t\t<\/div>\n\t\t<\/section>\n\t\t\t\t\t<\/div>\n\t\t<\/div>\n\t\t\t\t\t\t\t<\/div>\n\t\t<\/section>\n\t\t\t\t<section class=\"elementor-section elementor-top-section elementor-element elementor-element-496361c3 elementor-section-boxed elementor-section-height-default elementor-section-height-default\" data-id=\"496361c3\" data-element_type=\"section\" data-settings=\"{&quot;background_background&quot;:&quot;classic&quot;}\">\n\t\t\t\t\t\t<div class=\"elementor-container elementor-column-gap-default\">\n\t\t\t\t\t<div class=\"elementor-column elementor-col-25 elementor-top-column elementor-element elementor-element-2d4c2d5\" data-id=\"2d4c2d5\" data-element_type=\"column\">\n\t\t\t<div class=\"elementor-widget-wrap elementor-element-populated\">\n\t\t\t\t\t\t\t\t<div class=\"elementor-element elementor-element-550c5a91 elementor-widget elementor-widget-counter\" data-id=\"550c5a91\" data-element_type=\"widget\" data-widget_type=\"counter.default\">\n\t\t\t\t<div class=\"elementor-widget-container\">\n\t\t\t<style>\/*! elementor - v3.17.0 - 01-11-2023 *\/\n.elementor-counter .elementor-counter-number-wrapper{display:flex;font-size:69px;font-weight:600;line-height:1}.elementor-counter .elementor-counter-number-prefix,.elementor-counter .elementor-counter-number-suffix{flex-grow:1;white-space:pre-wrap}.elementor-counter .elementor-counter-number-prefix{text-align:right}.elementor-counter .elementor-counter-number-suffix{text-align:left}.elementor-counter .elementor-counter-title{text-align:center;font-size:19px;font-weight:400;line-height:2.5}<\/style>\t\t\r\n\t\t\t<div class=\"single_counter default_style center\">\r\n\t\t\t\t<div class=\"single_counter_inner\">\t\t\t\t\t\r\n\t\t\t\t\t\r\n\t\t\t\t\t\t\t\t\t\t<div class=\"counter_icon\">\t\t\t\r\n\t\t\t\t\t\t<i class=\"flaticon flaticon-world restly-flaticon\"><\/i>\t\t\r\n\t\t\t\t\t<\/div>\r\n\t\t\t\t\t\t\t\t\t\t\r\n\t\t\t\t\t<div class=\"countr_text\">\r\n\t\t\t\t\t\t<h1>8<\/h1>\r\n\t\t\t\t\t\t<h3><\/h3>\r\n\t\t\t\t\t<\/div>\r\n\r\n\t\t\t\t\t<div class=\"counter_title\">\r\n\t\t\t\t\t\t<h4>Weltweite Standorte<\/h4>\r\n\t\t\t\t\t<\/div>\t\r\n\t\t\t\t\t\r\n\t\t\t\t<\/div>\r\n\t\t\t<\/div>\r\n\t\t\t\t\t\t\t<\/div>\n\t\t\t\t<\/div>\n\t\t\t\t\t<\/div>\n\t\t<\/div>\n\t\t\t\t<div class=\"elementor-column elementor-col-25 elementor-top-column elementor-element elementor-element-79c9694b\" data-id=\"79c9694b\" data-element_type=\"column\">\n\t\t\t<div class=\"elementor-widget-wrap elementor-element-populated\">\n\t\t\t\t\t\t\t\t<div class=\"elementor-element elementor-element-4e50d614 elementor-widget elementor-widget-counter\" data-id=\"4e50d614\" data-element_type=\"widget\" data-widget_type=\"counter.default\">\n\t\t\t\t<div class=\"elementor-widget-container\">\n\t\t\t\t\t\r\n\t\t\t<div class=\"single_counter default_style center\">\r\n\t\t\t\t<div class=\"single_counter_inner\">\t\t\t\t\t\r\n\t\t\t\t\t\r\n\t\t\t\t\t\t\t\t\t\t<div class=\"counter_icon\">\t\t\t\r\n\t\t\t\t\t\t<i class=\"fas fa-trophy fa-solid\"><\/i>\t\t\r\n\t\t\t\t\t<\/div>\r\n\t\t\t\t\t\t\t\t\t\t\r\n\t\t\t\t\t<div class=\"countr_text\">\r\n\t\t\t\t\t\t<h1>200<\/h1>\r\n\t\t\t\t\t\t<h3>+<\/h3>\r\n\t\t\t\t\t<\/div>\r\n\r\n\t\t\t\t\t<div class=\"counter_title\">\r\n\t\t\t\t\t\t<h4>Webseiten gehostet<\/h4>\r\n\t\t\t\t\t<\/div>\t\r\n\t\t\t\t\t\r\n\t\t\t\t<\/div>\r\n\t\t\t<\/div>\r\n\t\t\t\t\t\t\t<\/div>\n\t\t\t\t<\/div>\n\t\t\t\t\t<\/div>\n\t\t<\/div>\n\t\t\t\t<div class=\"elementor-column elementor-col-25 elementor-top-column elementor-element elementor-element-722bb11b\" data-id=\"722bb11b\" data-element_type=\"column\">\n\t\t\t<div class=\"elementor-widget-wrap elementor-element-populated\">\n\t\t\t\t\t\t\t\t<div class=\"elementor-element elementor-element-42a61fdb elementor-widget elementor-widget-counter\" data-id=\"42a61fdb\" data-element_type=\"widget\" data-widget_type=\"counter.default\">\n\t\t\t\t<div class=\"elementor-widget-container\">\n\t\t\t\t\t\r\n\t\t\t<div class=\"single_counter default_style center\">\r\n\t\t\t\t<div class=\"single_counter_inner\">\t\t\t\t\t\r\n\t\t\t\t\t\r\n\t\t\t\t\t\t\t\t\t\t<div class=\"counter_icon\">\t\t\t\r\n\t\t\t\t\t\t<i class=\"flaticon flaticon-avatar restly-flaticon\"><\/i>\t\t\r\n\t\t\t\t\t<\/div>\r\n\t\t\t\t\t\t\t\t\t\t\r\n\t\t\t\t\t<div class=\"countr_text\">\r\n\t\t\t\t\t\t<h1>700<\/h1>\r\n\t\t\t\t\t\t<h3>+<\/h3>\r\n\t\t\t\t\t<\/div>\r\n\r\n\t\t\t\t\t<div class=\"counter_title\">\r\n\t\t\t\t\t\t<h4>Zufriedene Kunden<\/h4>\r\n\t\t\t\t\t<\/div>\t\r\n\t\t\t\t\t\r\n\t\t\t\t<\/div>\r\n\t\t\t<\/div>\r\n\t\t\t\t\t\t\t<\/div>\n\t\t\t\t<\/div>\n\t\t\t\t\t<\/div>\n\t\t<\/div>\n\t\t\t\t<div class=\"elementor-column elementor-col-25 elementor-top-column elementor-element elementor-element-30a71bda\" data-id=\"30a71bda\" data-element_type=\"column\">\n\t\t\t<div class=\"elementor-widget-wrap elementor-element-populated\">\n\t\t\t\t\t\t\t\t<div class=\"elementor-element elementor-element-1e0e1540 elementor-widget elementor-widget-counter\" data-id=\"1e0e1540\" data-element_type=\"widget\" data-widget_type=\"counter.default\">\n\t\t\t\t<div class=\"elementor-widget-container\">\n\t\t\t\t\t\r\n\t\t\t<div class=\"single_counter default_style center\">\r\n\t\t\t\t<div class=\"single_counter_inner\">\t\t\t\t\t\r\n\t\t\t\t\t\r\n\t\t\t\t\t\t\t\t\t\t<div class=\"counter_icon\">\t\t\t\r\n\t\t\t\t\t\t<i class=\"fas fa-award fa-solid\"><\/i>\t\t\r\n\t\t\t\t\t<\/div>\r\n\t\t\t\t\t\t\t\t\t\t\r\n\t\t\t\t\t<div class=\"countr_text\">\r\n\t\t\t\t\t\t<h1>99<\/h1>\r\n\t\t\t\t\t\t<h3>%<\/h3>\r\n\t\t\t\t\t<\/div>\r\n\r\n\t\t\t\t\t<div class=\"counter_title\">\r\n\t\t\t\t\t\t<h4>Positive Bewertungen<\/h4>\r\n\t\t\t\t\t<\/div>\t\r\n\t\t\t\t\t\r\n\t\t\t\t<\/div>\r\n\t\t\t<\/div>\r\n\t\t\t\t\t\t\t<\/div>\n\t\t\t\t<\/div>\n\t\t\t\t\t<\/div>\n\t\t<\/div>\n\t\t\t\t\t\t\t<\/div>\n\t\t<\/section>\n\t\t\t\t\t\t\t<\/div>\n\t\t","protected":false},"excerpt":{"rendered":"<p>Entdecken Sie die Kraft des Webentwicklungs-Exzellenz! In einer digitalen \u00c4ra, in der die Online-Pr\u00e4senz Ihres Unternehmens entscheidend ist, ist professionelles Webentwicklung von unsch\u00e4tzbarem Wert. Wir bei Evolus IT sind stolz darauf, Ihre digitale Vision in die Realit\u00e4t umzusetzen. Unsere ma\u00dfgeschneiderten L\u00f6sungen passen sich perfekt Ihren individuellen Anforderungen an. Wir verstehen, dass jedes Unternehmen einzigartig ist [&hellip;]<\/p>\n","protected":false},"author":1,"featured_media":0,"parent":4049,"menu_order":0,"comment_status":"closed","ping_status":"closed","template":"page-templates\/template-default.php","meta":{"footnotes":""},"class_list":["post-3643","page","type-page","status-publish","hentry"],"_links":{"self":[{"href":"https:\/\/evolus-it.com\/de\/wp-json\/wp\/v2\/pages\/3643","targetHints":{"allow":["GET"]}}],"collection":[{"href":"https:\/\/evolus-it.com\/de\/wp-json\/wp\/v2\/pages"}],"about":[{"href":"https:\/\/evolus-it.com\/de\/wp-json\/wp\/v2\/types\/page"}],"author":[{"embeddable":true,"href":"https:\/\/evolus-it.com\/de\/wp-json\/wp\/v2\/users\/1"}],"replies":[{"embeddable":true,"href":"https:\/\/evolus-it.com\/de\/wp-json\/wp\/v2\/comments?post=3643"}],"version-history":[{"count":20,"href":"https:\/\/evolus-it.com\/de\/wp-json\/wp\/v2\/pages\/3643\/revisions"}],"predecessor-version":[{"id":4007,"href":"https:\/\/evolus-it.com\/de\/wp-json\/wp\/v2\/pages\/3643\/revisions\/4007"}],"up":[{"embeddable":true,"href":"https:\/\/evolus-it.com\/de\/wp-json\/wp\/v2\/pages\/4049"}],"wp:attachment":[{"href":"https:\/\/evolus-it.com\/de\/wp-json\/wp\/v2\/media?parent=3643"}],"curies":[{"name":"wp","href":"https:\/\/api.w.org\/{rel}","templated":true}]}}