{"id":3943,"date":"2023-11-07T20:33:25","date_gmt":"2023-11-07T20:33:25","guid":{"rendered":"https:\/\/evolus-it.com\/de\/?page_id=3943"},"modified":"2023-11-16T16:46:55","modified_gmt":"2023-11-16T16:46:55","slug":"softwaredevelopment","status":"publish","type":"page","link":"https:\/\/evolus-it.com\/de\/services\/softwaredevelopment\/","title":{"rendered":"Softwaredevelopment"},"content":{"rendered":"\t\t<div data-elementor-type=\"wp-page\" data-elementor-id=\"3943\" class=\"elementor elementor-3943\">\n\t\t\t\t\t\t\t\t\t<section class=\"elementor-section elementor-top-section elementor-element elementor-element-0c9909f elementor-section-boxed elementor-section-height-default elementor-section-height-default\" data-id=\"0c9909f\" data-element_type=\"section\">\n\t\t\t\t\t\t<div class=\"elementor-container elementor-column-gap-default\">\n\t\t\t\t\t<div class=\"elementor-column elementor-col-100 elementor-top-column elementor-element elementor-element-ce2b5a9\" data-id=\"ce2b5a9\" data-element_type=\"column\">\n\t\t\t<div class=\"elementor-widget-wrap elementor-element-populated\">\n\t\t\t\t\t\t\t\t<div class=\"elementor-element elementor-element-c5a7ed4 elementor-widget elementor-widget-text-editor\" data-id=\"c5a7ed4\" data-element_type=\"widget\" data-widget_type=\"text-editor.default\">\n\t\t\t\t<div class=\"elementor-widget-container\">\n\t\t\t<style>\/*! elementor - v3.17.0 - 01-11-2023 *\/\n.elementor-widget-text-editor.elementor-drop-cap-view-stacked .elementor-drop-cap{background-color:#69727d;color:#fff}.elementor-widget-text-editor.elementor-drop-cap-view-framed .elementor-drop-cap{color:#69727d;border:3px solid;background-color:transparent}.elementor-widget-text-editor:not(.elementor-drop-cap-view-default) .elementor-drop-cap{margin-top:8px}.elementor-widget-text-editor:not(.elementor-drop-cap-view-default) .elementor-drop-cap-letter{width:1em;height:1em}.elementor-widget-text-editor .elementor-drop-cap{float:left;text-align:center;line-height:1;font-size:50px}.elementor-widget-text-editor .elementor-drop-cap-letter{display:inline-block}<\/style>\t\t\t\tIn einer Welt, in der Innovation den Ton angibt, ist professionelle Softwareentwicklung der Schl\u00fcssel zum Erfolg. Bei Evolus verstehen wir die Dynamik und die entscheidende Rolle, die Software in Ihrer Unternehmenslandschaft spielt. Unsere Softwareentwicklungsdienste bieten:\n<ol>\n \t<li><strong>Ma\u00dfgeschneiderte L\u00f6sungen:<\/strong> Wir entwickeln ma\u00dfgeschneiderte Software, die exakt auf Ihre gesch\u00e4ftlichen Anforderungen zugeschnitten ist. Jedes Programm wird nach Ihren spezifischen Bed\u00fcrfnissen und Anforderungen konzipiert.<\/li>\n \t<li><strong>Technologische Brillanz:<\/strong> Unser Team von Entwicklern beherrscht die neuesten Technologien und Programmiertools. Wir verwenden erstklassige Programmiersprachen und innovative Frameworks, um Spitzenleistungen zu erzielen.<\/li>\n \t<li><strong>Effizienz und Skalierbarkeit:<\/strong> Unsere Softwarel\u00f6sungen sind nicht nur effizient, sondern auch skalierbar. Sie wachsen mit Ihrem Unternehmen, passen sich Ver\u00e4nderungen an und bieten langfristige Unterst\u00fctzung.<\/li>\n \t<li><strong>Sicherheit und Stabilit\u00e4t:<\/strong> Das ist heute Essentiell. Unsere Entwicklungen integrieren robuste Sicherheitsma\u00dfnahmen, um Ihre Daten und die Ihrer Kunden zu sch\u00fctzen und die Stabilit\u00e4t Ihrer Software zu gew\u00e4hrleisten.<\/li>\n \t<li><strong>Benutzerorentierter Ansatz:<\/strong> Wir entwickeln Software, die auf den Endbenutzer ausgerichtet ist. Die Benutzerfreundlichkeit und intuitive Bedienbarkeit stehen im Mittelpunkt unserer Entwicklungsphilosophie.<\/li>\n \t<li><strong>Langfristige Partnerschaft:<\/strong> Unsere Dienstleistungen beschr\u00e4nken sich nicht nur auf die Entwicklung. Wir stehen Ihnen auch langfristig zur Seite, um Wartung, Support und kontinuierliche Verbesserungen zu gew\u00e4hrleisten.<\/li>\n<\/ol>\nIhre Zukunft ist unsere Mission. Nutzen Sie die Vorteile der Software, um Ihre Gesch\u00e4ftsziele zu erreichen. Kontaktieren Sie uns noch heute, um die n\u00e4chste Phase Ihrer digitalen Evolution zu beginnen!\n\n<strong>Wir entwickeln:<\/strong>\n<ul>\n \t<li>Dynamische und statische Webseiten<\/li>\n \t<li>Desktop PC-Anwedungen<\/li>\n \t<li>Server PC-Anwendungen<\/li>\n \t<li>Mobile Apps<\/li>\n<\/ul>\n<strong>Verwendete Programmiersprachen:<\/strong>\n<ul>\n \t<li>PHP<\/li>\n \t<li>Python<\/li>\n \t<li>Node<\/li>\n \t<li>Java<\/li>\n \t<li>JavaScript<\/li>\n \t<li>HTML5 &amp; CSS<\/li>\n<\/ul>\t\t\t\t\t\t<\/div>\n\t\t\t\t<\/div>\n\t\t\t\t\t<\/div>\n\t\t<\/div>\n\t\t\t\t\t\t\t<\/div>\n\t\t<\/section>\n\t\t\t\t<section class=\"elementor-section elementor-top-section elementor-element elementor-element-3d43f80 elementor-section-boxed elementor-section-height-default elementor-section-height-default\" data-id=\"3d43f80\" data-element_type=\"section\" data-settings=\"{&quot;background_background&quot;:&quot;classic&quot;}\">\n\t\t\t\t\t\t<div class=\"elementor-container elementor-column-gap-default\">\n\t\t\t\t\t<div class=\"elementor-column elementor-col-100 elementor-top-column elementor-element elementor-element-d71a2e2\" data-id=\"d71a2e2\" data-element_type=\"column\">\n\t\t\t<div class=\"elementor-widget-wrap elementor-element-populated\">\n\t\t\t\t\t\t\t\t<div class=\"elementor-element elementor-element-f9f0f22 elementor-widget elementor-widget-heading\" data-id=\"f9f0f22\" data-element_type=\"widget\" data-widget_type=\"heading.default\">\n\t\t\t\t<div class=\"elementor-widget-container\">\n\t\t\t<style>\/*! elementor - v3.17.0 - 01-11-2023 *\/\n.elementor-heading-title{padding:0;margin:0;line-height:1}.elementor-widget-heading .elementor-heading-title[class*=elementor-size-]>a{color:inherit;font-size:inherit;line-height:inherit}.elementor-widget-heading .elementor-heading-title.elementor-size-small{font-size:15px}.elementor-widget-heading .elementor-heading-title.elementor-size-medium{font-size:19px}.elementor-widget-heading .elementor-heading-title.elementor-size-large{font-size:29px}.elementor-widget-heading .elementor-heading-title.elementor-size-xl{font-size:39px}.elementor-widget-heading .elementor-heading-title.elementor-size-xxl{font-size:59px}<\/style><h2 class=\"elementor-heading-title elementor-size-default\">Hinterlassen Sie uns einfach eine Nachricht<\/h2>\t\t<\/div>\n\t\t\t\t<\/div>\n\t\t\t\t<div class=\"elementor-element elementor-element-423cecd elementor-widget elementor-widget-text-editor\" data-id=\"423cecd\" data-element_type=\"widget\" data-widget_type=\"text-editor.default\">\n\t\t\t\t<div class=\"elementor-widget-container\">\n\t\t\t\t\t\t\t<p style=\"text-align: center;\">Wir melden uns zur\u00fcck!<\/p>\t\t\t\t\t\t<\/div>\n\t\t\t\t<\/div>\n\t\t\t\t<div class=\"elementor-element elementor-element-bb38ea0 elementor-widget elementor-widget-shortcode\" data-id=\"bb38ea0\" data-element_type=\"widget\" data-widget_type=\"shortcode.default\">\n\t\t\t\t<div class=\"elementor-widget-container\">\n\t\t\t\t\t<div class=\"elementor-shortcode\"><div role=\"form\" class=\"wpcf7\" id=\"wpcf7-f1456-o1\" lang=\"en-US\" dir=\"ltr\">\n<div class=\"screen-reader-response\"><p role=\"status\" aria-live=\"polite\" aria-atomic=\"true\"><\/p> <ul><\/ul><\/div>\n<form action=\"\/de\/wp-json\/wp\/v2\/pages\/3943#wpcf7-f1456-o1\" method=\"post\" class=\"wpcf7-form init\" novalidate=\"novalidate\" data-status=\"init\">\n<div style=\"display: none;\">\n<input type=\"hidden\" name=\"_wpcf7\" value=\"1456\" \/>\n<input type=\"hidden\" name=\"_wpcf7_version\" value=\"5.6.4\" \/>\n<input type=\"hidden\" name=\"_wpcf7_locale\" value=\"en_US\" \/>\n<input type=\"hidden\" name=\"_wpcf7_unit_tag\" value=\"wpcf7-f1456-o1\" \/>\n<input type=\"hidden\" name=\"_wpcf7_container_post\" value=\"0\" \/>\n<input type=\"hidden\" name=\"_wpcf7_posted_data_hash\" value=\"\" \/>\n<input type=\"hidden\" name=\"_wpcf7_recaptcha_response\" value=\"\" \/>\n<\/div>\n<div class=\"form-area quote_form\">\n<div class=\"form-inner\">\n<div class=\"form-controls row\">\n<div class=\"col-md-6\">\n<div class=\"form-group\">\n<span class=\"wpcf7-form-control-wrap\" data-name=\"sub\"><input type=\"text\" name=\"sub\" value=\"\" size=\"40\" class=\"wpcf7-form-control wpcf7-text wpcf7-validates-as-required form-control\" aria-required=\"true\" aria-invalid=\"false\" placeholder=\"Name\" \/><\/span>\n<\/div>\n<\/div>\n<div class=\"col-md-6\">\n<div class=\"form-group\">\n<span class=\"wpcf7-form-control-wrap\" data-name=\"sub4\"><input type=\"text\" name=\"sub4\" value=\"\" size=\"40\" class=\"wpcf7-form-control wpcf7-text form-control\" aria-invalid=\"false\" placeholder=\"Firma \/ Organisation\" \/><\/span>\n<\/div>\n<\/div>\n<div class=\"col-md-6\">\n<div class=\"form-group\">\n<span class=\"wpcf7-form-control-wrap\" data-name=\"sub2\"><input type=\"email\" name=\"sub2\" value=\"\" size=\"40\" class=\"wpcf7-form-control wpcf7-text wpcf7-email wpcf7-validates-as-required wpcf7-validates-as-email form-control\" aria-required=\"true\" aria-invalid=\"false\" placeholder=\"E-Mail\" \/><\/span>\n<\/div>\n<\/div>\n<div class=\"col-md-6\">\n<div class=\"form-group\">\n<span class=\"wpcf7-form-control-wrap\" data-name=\"sub3\"><input type=\"text\" name=\"sub3\" value=\"\" size=\"40\" class=\"wpcf7-form-control wpcf7-text wpcf7-validates-as-required form-control\" aria-required=\"true\" aria-invalid=\"false\" placeholder=\"Telefon\" \/><\/span>\n<\/div>\n<\/div>\n<div class=\"col-md-12\">\n<div class=\"form-group\">\n<span class=\"wpcf7-form-control-wrap\" data-name=\"textarea-234\"><textarea name=\"textarea-234\" cols=\"20\" rows=\"7\" class=\"wpcf7-form-control wpcf7-textarea form-control\" aria-invalid=\"false\" placeholder=\"Ihre Nachricht\"><\/textarea><\/span>\n<\/div>\n<\/div>\n<div class=\"col-md-12\">\n<div class=\"form-group\">\n<div class=\"buttons\">\n<input type=\"submit\" value=\"Nachricht senden\" class=\"wpcf7-form-control has-spinner wpcf7-submit button\" \/>\n<\/div>\n<\/div>\n<\/div>\n<\/div>\n<\/div>\n<\/div>\n<div class=\"wpcf7-response-output\" aria-hidden=\"true\"><\/div><\/form><\/div><\/div>\n\t\t\t\t<\/div>\n\t\t\t\t<\/div>\n\t\t\t\t\t<\/div>\n\t\t<\/div>\n\t\t\t\t\t\t\t<\/div>\n\t\t<\/section>\n\t\t\t\t\t\t\t<\/div>\n\t\t","protected":false},"excerpt":{"rendered":"<p>In einer Welt, in der Innovation den Ton angibt, ist professionelle Softwareentwicklung der Schl\u00fcssel zum Erfolg. Bei Evolus verstehen wir die Dynamik und die entscheidende Rolle, die Software in Ihrer Unternehmenslandschaft spielt. Unsere Softwareentwicklungsdienste bieten: Ma\u00dfgeschneiderte L\u00f6sungen: Wir entwickeln ma\u00dfgeschneiderte Software, die exakt auf Ihre gesch\u00e4ftlichen Anforderungen zugeschnitten ist. Jedes Programm wird nach Ihren spezifischen [&hellip;]<\/p>\n","protected":false},"author":1,"featured_media":0,"parent":4049,"menu_order":0,"comment_status":"closed","ping_status":"closed","template":"page-templates\/template-default.php","meta":{"footnotes":""},"class_list":["post-3943","page","type-page","status-publish","hentry"],"_links":{"self":[{"href":"https:\/\/evolus-it.com\/de\/wp-json\/wp\/v2\/pages\/3943","targetHints":{"allow":["GET"]}}],"collection":[{"href":"https:\/\/evolus-it.com\/de\/wp-json\/wp\/v2\/pages"}],"about":[{"href":"https:\/\/evolus-it.com\/de\/wp-json\/wp\/v2\/types\/page"}],"author":[{"embeddable":true,"href":"https:\/\/evolus-it.com\/de\/wp-json\/wp\/v2\/users\/1"}],"replies":[{"embeddable":true,"href":"https:\/\/evolus-it.com\/de\/wp-json\/wp\/v2\/comments?post=3943"}],"version-history":[{"count":5,"href":"https:\/\/evolus-it.com\/de\/wp-json\/wp\/v2\/pages\/3943\/revisions"}],"predecessor-version":[{"id":3988,"href":"https:\/\/evolus-it.com\/de\/wp-json\/wp\/v2\/pages\/3943\/revisions\/3988"}],"up":[{"embeddable":true,"href":"https:\/\/evolus-it.com\/de\/wp-json\/wp\/v2\/pages\/4049"}],"wp:attachment":[{"href":"https:\/\/evolus-it.com\/de\/wp-json\/wp\/v2\/media?parent=3943"}],"curies":[{"name":"wp","href":"https:\/\/api.w.org\/{rel}","templated":true}]}}