{"id":3966,"date":"2023-11-07T20:42:05","date_gmt":"2023-11-07T20:42:05","guid":{"rendered":"https:\/\/evolus-it.com\/de\/?page_id=3966"},"modified":"2023-11-16T16:47:13","modified_gmt":"2023-11-16T16:47:13","slug":"wordpress","status":"publish","type":"page","link":"https:\/\/evolus-it.com\/de\/services\/wordpress\/","title":{"rendered":"WordPress"},"content":{"rendered":"\t\t<div data-elementor-type=\"wp-page\" data-elementor-id=\"3966\" class=\"elementor elementor-3966\">\n\t\t\t\t\t\t\t\t\t<section class=\"elementor-section elementor-top-section elementor-element elementor-element-0c9909f elementor-section-boxed elementor-section-height-default elementor-section-height-default\" data-id=\"0c9909f\" data-element_type=\"section\">\n\t\t\t\t\t\t<div class=\"elementor-container elementor-column-gap-default\">\n\t\t\t\t\t<div class=\"elementor-column elementor-col-100 elementor-top-column elementor-element elementor-element-ce2b5a9\" data-id=\"ce2b5a9\" data-element_type=\"column\">\n\t\t\t<div class=\"elementor-widget-wrap elementor-element-populated\">\n\t\t\t\t\t\t\t\t<div class=\"elementor-element elementor-element-c5a7ed4 elementor-widget elementor-widget-text-editor\" data-id=\"c5a7ed4\" data-element_type=\"widget\" data-widget_type=\"text-editor.default\">\n\t\t\t\t<div class=\"elementor-widget-container\">\n\t\t\t<style>\/*! elementor - v3.17.0 - 01-11-2023 *\/\n.elementor-widget-text-editor.elementor-drop-cap-view-stacked .elementor-drop-cap{background-color:#69727d;color:#fff}.elementor-widget-text-editor.elementor-drop-cap-view-framed .elementor-drop-cap{color:#69727d;border:3px solid;background-color:transparent}.elementor-widget-text-editor:not(.elementor-drop-cap-view-default) .elementor-drop-cap{margin-top:8px}.elementor-widget-text-editor:not(.elementor-drop-cap-view-default) .elementor-drop-cap-letter{width:1em;height:1em}.elementor-widget-text-editor .elementor-drop-cap{float:left;text-align:center;line-height:1;font-size:50px}.elementor-widget-text-editor .elementor-drop-cap-letter{display:inline-block}<\/style>\t\t\t\t<strong>Sie brauchen eine eigene Webseite, kennen sich aber nicht mit HTML und CSS aus oder sind ihnen gar Fremdw\u00f6rter? Dann ist WordPress genau das richtige f\u00fcr Sie!<\/strong>\t\t\t\t\t\t<\/div>\n\t\t\t\t<\/div>\n\t\t\t\t<div class=\"elementor-element elementor-element-b6b2f66 elementor-widget elementor-widget-text-editor\" data-id=\"b6b2f66\" data-element_type=\"widget\" data-widget_type=\"text-editor.default\">\n\t\t\t\t<div class=\"elementor-widget-container\">\n\t\t\t\t\t\t\t<h3>Unsere WordPress-Dienste<\/h3>\nWir unterst\u00fctzen Sie gerne bei der Realisierung Ihrer Webseite\n<ul>\n \t<li>Komplette Webseite erstellen<\/li>\n \t<li>neue Plugins programmieren<\/li>\n \t<li>bestehende Plugins bearbeiten<\/li>\n \t<li>Installation und Einrichtung neuer Plugins<\/li>\n \t<li>Ladezeitenoptimierung<\/li>\n \t<li>SEO-Optimierung<\/li>\n \t<li>Fehlerbehebung<\/li>\n<\/ul>\t\t\t\t\t\t<\/div>\n\t\t\t\t<\/div>\n\t\t\t\t<div class=\"elementor-element elementor-element-d8f4b40 elementor-widget elementor-widget-text-editor\" data-id=\"d8f4b40\" data-element_type=\"widget\" data-widget_type=\"text-editor.default\">\n\t\t\t\t<div class=\"elementor-widget-container\">\n\t\t\t\t\t\t\t<h3>Was ist WordPress?<\/h3>\nWordPress ist ein Homepage-Baukasten welcher von der Internetcommunity stetig erweitert und weiterentwickelt wird, diese stellt Ihnen unz\u00e4hlige Designs und Plugins auch kostenlos zur Verf\u00fcgung. Sie k\u00f6nnen eigene Unterseiten erstellen und kinderleicht mit einen Baukasten-\u00e4hnlichen Texteditor bearbeiten. Mit diesen k\u00f6nnen sie z.B. die Schriftart anpassen oder Bilder und Videos einf\u00fcgen sowie Objekte zu eine beliebige Position schieben. Auch diese Webseite ist mit WordPress erstellt.\n\nDank Plugins k\u00f6nnen Sie beispielsweise ein Buchungssystem f\u00fcr Tische oder Termine auf Ihrer Webseite einf\u00fcgen. Sehr bekannt ist das Plugin WooCommerce womit Sie Ihren eigenen Onlineshop in Ihre Webseite integrieren k\u00f6nnen. Hierzu brauchen Sie rein gar nichts programmieren (lassen).\n\nUrspr\u00fcnglich als Content-Management-System (CMS) f\u00fcr Blogs gedacht, ist WordPress heute das Non-Plus-Ultra der CMS. Sie k\u00f6nnen mithilfe der Plugins quasi jede Webseite damit realisieren. Ob einfaches Portfolio, Unternehmenswebseite,\u00a0 Magazin, Shop, Kunstgalerie oder Onlineseminare &#8211; Mit WordPress haben sie die richtige Grundlage f\u00fcr Ihre Webseite: Sie brauchen sich nicht mit den programmieren einer Webseite besch\u00e4ftigen und k\u00f6nnen sich auf Ihr Kerngesch\u00e4ft konzentrieren und trotzdem einen hervorragenden Webauftritt haben, ohne ein Verm\u00f6gen daf\u00fcr auszugeben!\n\n<strong>Und das Beste: Jeder kann Ihr WordPress beliebig erweitern und Sie k\u00f6nnen es auf quasi jeden beliebigen Webserver installieren &#8211; Wir \u00fcbernehmen das gern f\u00fcr Sie!<\/strong>\n\nDadurch sind sie auch unabh\u00e4ngig von jeden Anbieter und Sie k\u00f6nnen ihre Webseite jederzeit umziehen\t\t\t\t\t\t<\/div>\n\t\t\t\t<\/div>\n\t\t\t\t\t<\/div>\n\t\t<\/div>\n\t\t\t\t\t\t\t<\/div>\n\t\t<\/section>\n\t\t\t\t<section class=\"elementor-section elementor-top-section elementor-element elementor-element-3d43f80 elementor-section-boxed elementor-section-height-default elementor-section-height-default\" data-id=\"3d43f80\" data-element_type=\"section\" data-settings=\"{&quot;background_background&quot;:&quot;classic&quot;}\">\n\t\t\t\t\t\t<div class=\"elementor-container elementor-column-gap-default\">\n\t\t\t\t\t<div class=\"elementor-column elementor-col-100 elementor-top-column elementor-element elementor-element-d71a2e2\" data-id=\"d71a2e2\" data-element_type=\"column\">\n\t\t\t<div class=\"elementor-widget-wrap elementor-element-populated\">\n\t\t\t\t\t\t\t\t<div class=\"elementor-element elementor-element-f9f0f22 elementor-widget elementor-widget-heading\" data-id=\"f9f0f22\" data-element_type=\"widget\" data-widget_type=\"heading.default\">\n\t\t\t\t<div class=\"elementor-widget-container\">\n\t\t\t<style>\/*! elementor - v3.17.0 - 01-11-2023 *\/\n.elementor-heading-title{padding:0;margin:0;line-height:1}.elementor-widget-heading .elementor-heading-title[class*=elementor-size-]>a{color:inherit;font-size:inherit;line-height:inherit}.elementor-widget-heading .elementor-heading-title.elementor-size-small{font-size:15px}.elementor-widget-heading .elementor-heading-title.elementor-size-medium{font-size:19px}.elementor-widget-heading .elementor-heading-title.elementor-size-large{font-size:29px}.elementor-widget-heading .elementor-heading-title.elementor-size-xl{font-size:39px}.elementor-widget-heading .elementor-heading-title.elementor-size-xxl{font-size:59px}<\/style><h2 class=\"elementor-heading-title elementor-size-default\">Hinterlassen Sie uns einfach eine Nachricht<\/h2>\t\t<\/div>\n\t\t\t\t<\/div>\n\t\t\t\t<div class=\"elementor-element elementor-element-423cecd elementor-widget elementor-widget-text-editor\" data-id=\"423cecd\" data-element_type=\"widget\" data-widget_type=\"text-editor.default\">\n\t\t\t\t<div class=\"elementor-widget-container\">\n\t\t\t\t\t\t\t<p style=\"text-align: center;\">Wir melden uns zur\u00fcck!<\/p>\t\t\t\t\t\t<\/div>\n\t\t\t\t<\/div>\n\t\t\t\t<div class=\"elementor-element elementor-element-bb38ea0 elementor-widget elementor-widget-shortcode\" data-id=\"bb38ea0\" data-element_type=\"widget\" data-widget_type=\"shortcode.default\">\n\t\t\t\t<div class=\"elementor-widget-container\">\n\t\t\t\t\t<div class=\"elementor-shortcode\"><div role=\"form\" class=\"wpcf7\" id=\"wpcf7-f1456-o1\" lang=\"en-US\" dir=\"ltr\">\n<div class=\"screen-reader-response\"><p role=\"status\" aria-live=\"polite\" aria-atomic=\"true\"><\/p> <ul><\/ul><\/div>\n<form action=\"\/de\/wp-json\/wp\/v2\/pages\/3966#wpcf7-f1456-o1\" method=\"post\" class=\"wpcf7-form init\" novalidate=\"novalidate\" data-status=\"init\">\n<div style=\"display: none;\">\n<input type=\"hidden\" name=\"_wpcf7\" value=\"1456\" \/>\n<input type=\"hidden\" name=\"_wpcf7_version\" value=\"5.6.4\" \/>\n<input type=\"hidden\" name=\"_wpcf7_locale\" value=\"en_US\" \/>\n<input type=\"hidden\" name=\"_wpcf7_unit_tag\" value=\"wpcf7-f1456-o1\" \/>\n<input type=\"hidden\" name=\"_wpcf7_container_post\" value=\"0\" \/>\n<input type=\"hidden\" name=\"_wpcf7_posted_data_hash\" value=\"\" \/>\n<input type=\"hidden\" name=\"_wpcf7_recaptcha_response\" value=\"\" \/>\n<\/div>\n<div class=\"form-area quote_form\">\n<div class=\"form-inner\">\n<div class=\"form-controls row\">\n<div class=\"col-md-6\">\n<div class=\"form-group\">\n<span class=\"wpcf7-form-control-wrap\" data-name=\"sub\"><input type=\"text\" name=\"sub\" value=\"\" size=\"40\" class=\"wpcf7-form-control wpcf7-text wpcf7-validates-as-required form-control\" aria-required=\"true\" aria-invalid=\"false\" placeholder=\"Name\" \/><\/span>\n<\/div>\n<\/div>\n<div class=\"col-md-6\">\n<div class=\"form-group\">\n<span class=\"wpcf7-form-control-wrap\" data-name=\"sub4\"><input type=\"text\" name=\"sub4\" value=\"\" size=\"40\" class=\"wpcf7-form-control wpcf7-text form-control\" aria-invalid=\"false\" placeholder=\"Firma \/ Organisation\" \/><\/span>\n<\/div>\n<\/div>\n<div class=\"col-md-6\">\n<div class=\"form-group\">\n<span class=\"wpcf7-form-control-wrap\" data-name=\"sub2\"><input type=\"email\" name=\"sub2\" value=\"\" size=\"40\" class=\"wpcf7-form-control wpcf7-text wpcf7-email wpcf7-validates-as-required wpcf7-validates-as-email form-control\" aria-required=\"true\" aria-invalid=\"false\" placeholder=\"E-Mail\" \/><\/span>\n<\/div>\n<\/div>\n<div class=\"col-md-6\">\n<div class=\"form-group\">\n<span class=\"wpcf7-form-control-wrap\" data-name=\"sub3\"><input type=\"text\" name=\"sub3\" value=\"\" size=\"40\" class=\"wpcf7-form-control wpcf7-text wpcf7-validates-as-required form-control\" aria-required=\"true\" aria-invalid=\"false\" placeholder=\"Telefon\" \/><\/span>\n<\/div>\n<\/div>\n<div class=\"col-md-12\">\n<div class=\"form-group\">\n<span class=\"wpcf7-form-control-wrap\" data-name=\"textarea-234\"><textarea name=\"textarea-234\" cols=\"20\" rows=\"7\" class=\"wpcf7-form-control wpcf7-textarea form-control\" aria-invalid=\"false\" placeholder=\"Ihre Nachricht\"><\/textarea><\/span>\n<\/div>\n<\/div>\n<div class=\"col-md-12\">\n<div class=\"form-group\">\n<div class=\"buttons\">\n<input type=\"submit\" value=\"Nachricht senden\" class=\"wpcf7-form-control has-spinner wpcf7-submit button\" \/>\n<\/div>\n<\/div>\n<\/div>\n<\/div>\n<\/div>\n<\/div>\n<div class=\"wpcf7-response-output\" aria-hidden=\"true\"><\/div><\/form><\/div><\/div>\n\t\t\t\t<\/div>\n\t\t\t\t<\/div>\n\t\t\t\t\t<\/div>\n\t\t<\/div>\n\t\t\t\t\t\t\t<\/div>\n\t\t<\/section>\n\t\t\t\t\t\t\t<\/div>\n\t\t","protected":false},"excerpt":{"rendered":"<p>Sie brauchen eine eigene Webseite, kennen sich aber nicht mit HTML und CSS aus oder sind ihnen gar Fremdw\u00f6rter? Dann ist WordPress genau das richtige f\u00fcr Sie! Unsere WordPress-Dienste Wir unterst\u00fctzen Sie gerne bei der Realisierung Ihrer Webseite Komplette Webseite erstellen neue Plugins programmieren bestehende Plugins bearbeiten Installation und Einrichtung neuer Plugins Ladezeitenoptimierung SEO-Optimierung Fehlerbehebung [&hellip;]<\/p>\n","protected":false},"author":1,"featured_media":0,"parent":4049,"menu_order":0,"comment_status":"closed","ping_status":"closed","template":"page-templates\/template-default.php","meta":{"footnotes":""},"class_list":["post-3966","page","type-page","status-publish","hentry"],"_links":{"self":[{"href":"https:\/\/evolus-it.com\/de\/wp-json\/wp\/v2\/pages\/3966","targetHints":{"allow":["GET"]}}],"collection":[{"href":"https:\/\/evolus-it.com\/de\/wp-json\/wp\/v2\/pages"}],"about":[{"href":"https:\/\/evolus-it.com\/de\/wp-json\/wp\/v2\/types\/page"}],"author":[{"embeddable":true,"href":"https:\/\/evolus-it.com\/de\/wp-json\/wp\/v2\/users\/1"}],"replies":[{"embeddable":true,"href":"https:\/\/evolus-it.com\/de\/wp-json\/wp\/v2\/comments?post=3966"}],"version-history":[{"count":4,"href":"https:\/\/evolus-it.com\/de\/wp-json\/wp\/v2\/pages\/3966\/revisions"}],"predecessor-version":[{"id":3970,"href":"https:\/\/evolus-it.com\/de\/wp-json\/wp\/v2\/pages\/3966\/revisions\/3970"}],"up":[{"embeddable":true,"href":"https:\/\/evolus-it.com\/de\/wp-json\/wp\/v2\/pages\/4049"}],"wp:attachment":[{"href":"https:\/\/evolus-it.com\/de\/wp-json\/wp\/v2\/media?parent=3966"}],"curies":[{"name":"wp","href":"https:\/\/api.w.org\/{rel}","templated":true}]}}